{"id":1388,"date":"2016-01-31T14:06:17","date_gmt":"2016-01-31T13:06:17","guid":{"rendered":"http:\/\/www.maderthaner.cc\/?page_id=1388"},"modified":"2026-01-28T19:53:58","modified_gmt":"2026-01-28T18:53:58","slug":"publikationen","status":"publish","type":"page","link":"https:\/\/www.maderthaner.cc\/index.php\/biografie\/publikationen\/","title":{"rendered":"publications"},"content":{"rendered":"<p>[et_pb_section fb_built=&#8220;1&#8243; _builder_version=&#8220;3.22&#8243;][et_pb_row column_structure=&#8220;1_3,2_3&#8243; _builder_version=&#8220;4.6.1&#8243; _module_preset=&#8220;default&#8220;][et_pb_column type=&#8220;1_3&#8243; _builder_version=&#8220;4.6.1&#8243; _module_preset=&#8220;default&#8220;][et_pb_gallery gallery_ids=&#8220;5023,4641,3365,1397,2734,1403&#8243; posts_number=&#8220;6&#8243; show_title_and_caption=&#8220;off&#8220; show_pagination=&#8220;off&#8220; _builder_version=&#8220;4.6.1&#8243; _module_preset=&#8220;default&#8220; custom_margin=&#8220;|27px||||&#8220; link_option_url_new_window=&#8220;on&#8220;][\/et_pb_gallery][\/et_pb_column][et_pb_column type=&#8220;2_3&#8243; _builder_version=&#8220;4.6.1&#8243; _module_preset=&#8220;default&#8220;][et_pb_text admin_label=&#8220;Publikationsliste&#8220; _builder_version=&#8220;4.6.1&#8243; background_size=&#8220;initial&#8220; background_position=&#8220;top_left&#8220; background_repeat=&#8220;repeat&#8220; hover_enabled=&#8220;0&#8243; sticky_enabled=&#8220;0&#8243;]<\/p>\n<p><strong>MAL-ZEIT<br \/> <\/strong>Text: Franziska Maderthaner<br \/> Verlag: Edition Eremitage am Kamp<br \/> 208 Seiten, 4 f\u00e4rbig, 2025<br \/> Gestaltung: @ Johanna Lea Lassnig<br \/> \u2060\u00dcbersetzung: Ida \u010cerne &amp; Ren\u00e8e Gadsen<br \/> Edition Eremitage am Kamp \/ Clemens Feigel<br \/> ISBN 978-3-9519795-7-1<br \/> <strong><\/strong><\/p>\n<p>&nbsp;<\/p>\n<p><strong><\/strong><\/p>\n<p><strong><\/strong><\/p>\n<p><strong>Abstrock 2<\/strong><br \/> Monografie<br \/> Texte \u2013 <span class=\"s-c1\"><\/span><span class=\"s-c2\">Christian Bauer, Alexandra Schantl<\/span><br \/> Design \u2013 Gottfried Moritz<br \/> <span class=\"s-c1\"><\/span><span class=\"s-c2\">Hardcover, 208 pages, 24 x 30 cm, 136 ills. in color<br \/> <\/span>Deutsch\/Englisch<br \/> 07\/2021<br \/> <a href=\"https:\/\/www.vfmk.org\/books\/franziska-maderthaner-abstrock-2\" target=\"_blank\" rel=\"noopener\">Verlag f\u00fcr moderne Kunst<\/a><br \/> ISBN <span class=\"s-c1\"><\/span><span class=\"s-c2\">978-3-903572-06-5<\/span><\/p>\n<p><strong><\/strong><\/p>\n<p><strong><\/strong><\/p>\n<p><strong><\/strong><\/p>\n<p><strong>Abstrock<br \/> <\/strong>Monografie<br \/> Texte \u2013 G\u00fcnther Oberhollenzer, Doris Knecht, Andreas Spiegl, Wolfgang Pauser und Lucas Cuturi<br \/> Design \u2013 Gottfried Moritz<br \/> Hardcover, 204 Seiten,140 Abb. in Farbe, Deutsch\/Englisch<br \/> <a href=\"https:\/\/vfmk.org\" target=\"_blank\" rel=\"noopener\">Verlag f\u00fcr moderne Kunst<\/a><br \/> ISBN 978-3-903228-06-1<\/p>\n<p>&nbsp;<\/p>\n<p>&nbsp;<\/p>\n<p><strong>Out Of The Flat<\/strong><br \/> Monografie<br \/> Texte von Lydia Mischkulnig und Robert Pfaller<br \/> 160 Seiten, Hardcover, deutsch\/englisch<br \/> <a href=\"https:\/\/vfmk.org\" target=\"_blank\" rel=\"noopener\">Verlag f\u00fcr moderne Kunst<\/a>, N\u00fcrnberg 2014<br \/> ISBN 978-3-86984-504-3<\/p>\n<p>&nbsp;<\/p>\n<p>&nbsp;<\/p>\n<p><strong>In Bed With Abstraction<\/strong><br \/> Monografie<br \/> Texte von Maria Rennhofer und Rainer Metzger<br \/> 148 Seiten, deutsch\/englisch<br \/> Neuer Kunstverein Aschaffenburg, 2012<\/p>\n<p>&nbsp;<\/p>\n<p>&nbsp;<\/p>\n<p><strong>Transgression<\/strong><br \/> Galerie Exner, Wien 2010<\/p>\n<p>&nbsp;<\/p>\n<p>&nbsp;<\/p>\n<p><strong>Powerplay<\/strong><br \/> Triton Verlag Wien, 2004<\/p>\n<p>&nbsp;<\/p>\n<p>&nbsp;<\/p>\n<p><strong>Idealzone Wien. Die schnellen Jahre 1978\u20131985<br \/> <\/strong>Martin W. Drexler, Markus Eiblmayr, Franziska Maderthaner (Hrsg.)<br \/> Falter Verlag, Wien 1998<br \/> ISBN 3-85439-224-9<\/p>\n<p>&nbsp;<\/p>\n<p>&nbsp;<\/p>\n<p><strong>100 Handlungsanweisungen or 100 Instructions On How To Act<br \/> <\/strong>Kunsthalle Wien, Gerald Matt (Hrsg.)<\/p>\n<p>[\/et_pb_text][\/et_pb_column][\/et_pb_row][\/et_pb_section]<\/p>\n","protected":false},"excerpt":{"rendered":"<p>[et_pb_section fb_built=&#8220;1&#8243; _builder_version=&#8220;3.22&#8243;][et_pb_row column_structure=&#8220;1_3,2_3&#8243; _builder_version=&#8220;4.6.1&#8243; _module_preset=&#8220;default&#8220;][et_pb_column type=&#8220;1_3&#8243; _builder_version=&#8220;4.6.1&#8243; _module_preset=&#8220;default&#8220;][et_pb_gallery gallery_ids=&#8220;5023,4641,3365,1397,2734,1403&#8243; posts_number=&#8220;6&#8243; show_title_and_caption=&#8220;off&#8220; show_pagination=&#8220;off&#8220; _builder_version=&#8220;4.6.1&#8243; _module_preset=&#8220;default&#8220; custom_margin=&#8220;|27px||||&#8220; link_option_url_new_window=&#8220;on&#8220;][\/et_pb_gallery][\/et_pb_column][et_pb_column type=&#8220;2_3&#8243; _builder_version=&#8220;4.6.1&#8243; _module_preset=&#8220;default&#8220;][et_pb_text admin_label=&#8220;Publikationsliste&#8220; _builder_version=&#8220;4.6.1&#8243; background_size=&#8220;initial&#8220; background_position=&#8220;top_left&#8220; background_repeat=&#8220;repeat&#8220; hover_enabled=&#8220;0&#8243; sticky_enabled=&#8220;0&#8243;] MAL-ZEIT Text: Franziska Maderthaner Verlag: Edition Eremitage am Kamp 208 Seiten, 4 f\u00e4rbig, 2025 Gestaltung: @ Johanna Lea Lassnig \u2060\u00dcbersetzung: Ida \u010cerne &amp; Ren\u00e8e Gadsen Edition Eremitage am [&hellip;]<\/p>\n","protected":false},"author":4,"featured_media":0,"parent":299,"menu_order":2,"comment_status":"closed","ping_status":"closed","template":"","meta":{"_et_pb_use_builder":"on","_et_pb_old_content":"","_et_gb_content_width":"","footnotes":""},"class_list":["post-1388","page","type-page","status-publish","hentry"],"_links":{"self":[{"href":"https:\/\/www.maderthaner.cc\/index.php\/wp-json\/wp\/v2\/pages\/1388","targetHints":{"allow":["GET"]}}],"collection":[{"href":"https:\/\/www.maderthaner.cc\/index.php\/wp-json\/wp\/v2\/pages"}],"about":[{"href":"https:\/\/www.maderthaner.cc\/index.php\/wp-json\/wp\/v2\/types\/page"}],"author":[{"embeddable":true,"href":"https:\/\/www.maderthaner.cc\/index.php\/wp-json\/wp\/v2\/users\/4"}],"replies":[{"embeddable":true,"href":"https:\/\/www.maderthaner.cc\/index.php\/wp-json\/wp\/v2\/comments?post=1388"}],"version-history":[{"count":4,"href":"https:\/\/www.maderthaner.cc\/index.php\/wp-json\/wp\/v2\/pages\/1388\/revisions"}],"predecessor-version":[{"id":5029,"href":"https:\/\/www.maderthaner.cc\/index.php\/wp-json\/wp\/v2\/pages\/1388\/revisions\/5029"}],"up":[{"embeddable":true,"href":"https:\/\/www.maderthaner.cc\/index.php\/wp-json\/wp\/v2\/pages\/299"}],"wp:attachment":[{"href":"https:\/\/www.maderthaner.cc\/index.php\/wp-json\/wp\/v2\/media?parent=1388"}],"curies":[{"name":"wp","href":"https:\/\/api.w.org\/{rel}","templated":true}]}}