{"id":1461,"date":"2016-02-03T18:33:45","date_gmt":"2016-02-03T17:33:45","guid":{"rendered":"http:\/\/www.maderthaner.cc\/?page_id=1461"},"modified":"2016-02-29T17:15:37","modified_gmt":"2016-02-29T16:15:37","slug":"2000-remember","status":"publish","type":"page","link":"https:\/\/www.maderthaner.cc\/index.php\/text\/2000-remember\/","title":{"rendered":"2000 REmember"},"content":{"rendered":"<p>[et_pb_section][et_pb_row][et_pb_column type=&#8220;1_3&#8243;][et_pb_text admin_label=&#8220;titel&#8220; background_layout=&#8220;light&#8220; text_orientation=&#8220;left&#8220;]<\/p>\n<h5>REmember<\/h5>\n<p>[\/et_pb_text][\/et_pb_column][et_pb_column type=&#8220;2_3&#8243;][et_pb_text admin_label=&#8220;REmember&#8220; background_layout=&#8220;light&#8220; text_orientation=&#8220;left&#8220;]&#8230; Im Juli 1972 besuchte ich als zehnj\u00e4hriges M\u00e4dchen, mehr folgsam als interessiert die documenta 5 in Kassel. Der damalige Kurator Harald Szeemann, der erstmals in der Geschichte der documenta eine thematische Ausrichtung festlegte &#8211; &#8222;Befragung der Realit\u00e4t, Bildwelten heute&#8220; gelangte erst ca. acht,neun Jahre sp\u00e4ter in mein Bewu\u00dftsein. Die Erinnerung an die Ausstellung allerdings geriet zu einem starken Initationserlebnis und verfolgt mich gef\u00fchlsm\u00e4\u00dfig und geistig bis heute. Ich sehe mich noch, mit offenem Mund vor diesen gigantischen Leinw\u00e4nden der amerikanischen Fotorealisten stehen und Faszination wie penetrante Ablehnung gleichzeitig empfinden. Alles was in meiner progressiven und doch bildungsb\u00fcrgerlichen Familie als &#8222;moderne Malerei&#8220; galt, alles was picassoesk, matissesk oder abstrakt war wurde mit diesen Bildern verh\u00f6hnt. Die \u00fcberdimensionalen Darstellungen von Gesichtern, Autos oder Gesch\u00e4ftsfassaden, schienen einen distanzlosen Betrachter (und genau das war ich, denn ich stand einen halben Meter vor den Bildern) gleichsam hineinzuziehen; die mikroskopische Pr\u00e4zision des Dargestellten war obsz\u00f6n f\u00fcr mich und die Methode, die Malweise war so perfekt und nicht nachvollziehbar, dass sich die Gesamtheit dieser Eindr\u00fccke prim\u00e4r als vielschichtiges, formalgeschichtliches Ph\u00e4nomen in meiner Erinnerung festsetzte.<\/p>\n<p>&#8230; und ganz nah betrachtet, l\u00f6sten sich die Bilder dann vollkommen auf. Kleine Farbrasterpunkte, organische Fl\u00e4chen oder vom Luftpinsel aufgetragene Farbe auf Leinwand, die als reale, materielle Farbe nicht kaum mehr wahrgenommen werden konnte. Ein Kippeffekt, der mich bis heute fasziniert, da er gleichsam wahrnehmungstechnisch wie erkenntnism\u00e4\u00dfig, banal und h\u00f6chst konzeptionell funktioniert. echseln.<\/p>\n<\/p>\n<p>[\/et_pb_text][\/et_pb_column][\/et_pb_row][\/et_pb_section]<\/p>\n","protected":false},"excerpt":{"rendered":"<p>[et_pb_section][et_pb_row][et_pb_column type=&#8220;1_3&#8243;][et_pb_text admin_label=&#8220;titel&#8220; background_layout=&#8220;light&#8220; text_orientation=&#8220;left&#8220;] REmember [\/et_pb_text][\/et_pb_column][et_pb_column type=&#8220;2_3&#8243;][et_pb_text admin_label=&#8220;REmember&#8220; background_layout=&#8220;light&#8220; text_orientation=&#8220;left&#8220;]&#8230; Im Juli 1972 besuchte ich als zehnj\u00e4hriges M\u00e4dchen, mehr folgsam als interessiert die documenta 5 in Kassel. Der damalige Kurator Harald Szeemann, der erstmals in der Geschichte der documenta eine thematische Ausrichtung festlegte &#8211; &#8222;Befragung der Realit\u00e4t, Bildwelten heute&#8220; gelangte erst ca. acht,neun Jahre [&hellip;]<\/p>\n","protected":false},"author":4,"featured_media":0,"parent":302,"menu_order":9,"comment_status":"closed","ping_status":"closed","template":"","meta":{"_et_pb_use_builder":"on","_et_pb_old_content":"","_et_gb_content_width":"","footnotes":""},"class_list":["post-1461","page","type-page","status-publish","hentry"],"_links":{"self":[{"href":"https:\/\/www.maderthaner.cc\/index.php\/wp-json\/wp\/v2\/pages\/1461","targetHints":{"allow":["GET"]}}],"collection":[{"href":"https:\/\/www.maderthaner.cc\/index.php\/wp-json\/wp\/v2\/pages"}],"about":[{"href":"https:\/\/www.maderthaner.cc\/index.php\/wp-json\/wp\/v2\/types\/page"}],"author":[{"embeddable":true,"href":"https:\/\/www.maderthaner.cc\/index.php\/wp-json\/wp\/v2\/users\/4"}],"replies":[{"embeddable":true,"href":"https:\/\/www.maderthaner.cc\/index.php\/wp-json\/wp\/v2\/comments?post=1461"}],"version-history":[{"count":0,"href":"https:\/\/www.maderthaner.cc\/index.php\/wp-json\/wp\/v2\/pages\/1461\/revisions"}],"up":[{"embeddable":true,"href":"https:\/\/www.maderthaner.cc\/index.php\/wp-json\/wp\/v2\/pages\/302"}],"wp:attachment":[{"href":"https:\/\/www.maderthaner.cc\/index.php\/wp-json\/wp\/v2\/media?parent=1461"}],"curies":[{"name":"wp","href":"https:\/\/api.w.org\/{rel}","templated":true}]}}