{"id":2480,"date":"2016-02-16T20:11:43","date_gmt":"2016-02-16T19:11:43","guid":{"rendered":"http:\/\/www.maderthaner.cc\/?page_id=2480"},"modified":"2016-02-29T18:00:07","modified_gmt":"2016-02-29T17:00:07","slug":"die-geschichte-der-lou-rosenblatt-1919-bis-1924","status":"publish","type":"page","link":"https:\/\/www.maderthaner.cc\/index.php\/projects\/die-geschichte-der-lou-rosenblatt-1919-bis-1924\/","title":{"rendered":"Die Geschichte der Lou Rosenblatt (Teil 3: 1919 bis 1924)"},"content":{"rendered":"<p>[et_pb_section][et_pb_row][et_pb_column type=&#8220;4_4&#8243;][et_pb_text admin_label=&#8220;Text&#8220; background_layout=&#8220;light&#8220; text_orientation=&#8220;left&#8220;]<\/p>\n<p><strong>Die Geschichte der Lou Rosenblatt <\/strong><strong>(1919 bis 1924)<\/strong><\/p>\n<p>&nbsp;<\/p>\n<div id=\"attachment_2500\" style=\"width: 147px\" class=\"wp-caption alignleft\"><a href=\"https:\/\/www.maderthaner.cc\/wp-content\/uploads\/2016\/02\/1919baader.jpg\"><img loading=\"lazy\" decoding=\"async\" aria-describedby=\"caption-attachment-2500\" class=\"wp-image-2500\" src=\"https:\/\/www.maderthaner.cc\/wp-content\/uploads\/2016\/02\/1919baader-147x300.jpg\" alt=\"1919 mit Baader\" width=\"137\" height=\"280\" srcset=\"https:\/\/www.maderthaner.cc\/wp-content\/uploads\/2016\/02\/1919baader-147x300.jpg 147w, https:\/\/www.maderthaner.cc\/wp-content\/uploads\/2016\/02\/1919baader-74x150.jpg 74w, https:\/\/www.maderthaner.cc\/wp-content\/uploads\/2016\/02\/1919baader-123x250.jpg 123w, https:\/\/www.maderthaner.cc\/wp-content\/uploads\/2016\/02\/1919baader-139x284.jpg 139w, https:\/\/www.maderthaner.cc\/wp-content\/uploads\/2016\/02\/1919baader.jpg 300w\" sizes=\"auto, (max-width: 137px) 100vw, 137px\" \/><\/a><p id=\"caption-attachment-2500\" class=\"wp-caption-text\">1919 mit Baader<\/p><\/div>\n<div id=\"attachment_2502\" style=\"width: 227px\" class=\"wp-caption alignleft\"><a href=\"https:\/\/www.maderthaner.cc\/wp-content\/uploads\/2016\/02\/1926berlinwannsee.jpg\"><img loading=\"lazy\" decoding=\"async\" aria-describedby=\"caption-attachment-2502\" class=\"wp-image-2502\" src=\"https:\/\/www.maderthaner.cc\/wp-content\/uploads\/2016\/02\/1926berlinwannsee-233x300.jpg\" alt=\"1926 Berlin Wannsee\" width=\"217\" height=\"280\" srcset=\"https:\/\/www.maderthaner.cc\/wp-content\/uploads\/2016\/02\/1926berlinwannsee-233x300.jpg 233w, https:\/\/www.maderthaner.cc\/wp-content\/uploads\/2016\/02\/1926berlinwannsee-116x150.jpg 116w, https:\/\/www.maderthaner.cc\/wp-content\/uploads\/2016\/02\/1926berlinwannsee-194x250.jpg 194w, https:\/\/www.maderthaner.cc\/wp-content\/uploads\/2016\/02\/1926berlinwannsee-220x284.jpg 220w, https:\/\/www.maderthaner.cc\/wp-content\/uploads\/2016\/02\/1926berlinwannsee.jpg 400w\" sizes=\"auto, (max-width: 217px) 100vw, 217px\" \/><\/a><p id=\"caption-attachment-2502\" class=\"wp-caption-text\">1926 Berlin Wannsee<\/p><\/div>\n<p>Johannes Baader, der Radikalste unter den deutschen Dadaisten, bem\u00fchte sich intensiv um Lou. Der dreizehn Jahre \u00e4ltere Architekt war ein scharfsinniger Monomane und eine hochintellektuelle Pers\u00f6nlichkeit. Ein Jahr sp\u00e4ter hatte er Erfolg. 1919 heirateten Johannes Baader und Lou Rosenblatt.<\/p>\n<p>Lou Rosenblatts Rolle in der Berliner Dadabewegung ist eine politische und aktivistische. Die Greuel des 1. Weltkriegs hatten ihr die Augen ge\u00f6ffnet und sie wurde Mitherausgeberin der von Baader gegr\u00fcndeten Zeitschrift &#8222;Die freie Strasse&#8220;, wie auch Verfasserin diverser Manifeste, Texte und Plakatgedichte.<\/p>\n<p>Die Freundschaft mit Sonja Delaunay f\u00fchrte zu zahlreichen Reisen nach Paris. Dort konnte sie kurzzeitig Abstand zur explosiven Berliner Szene gewinnen. Ihre Kontakte zu den Pariser Surrealisten waren aus 2 Gr\u00fcnden wichtig: Lou hatte als eine der wenigen K\u00fcnstler eine genaue und klare Vorstellung von den psychoanalytischen Forschungen Sigmund Freuds \u2014 einer wesentlichen Quelle des surrealen Denkens; und weiters entstand bei Lou ab 1921 eine Erm\u00fcdung hinsichtlich der dadaistischen Provokationen.<\/p>\n<div id=\"attachment_2503\" style=\"width: 307px\" class=\"wp-caption alignleft\"><a href=\"https:\/\/www.maderthaner.cc\/wp-content\/uploads\/2016\/02\/1927bauhaus.jpg\"><img loading=\"lazy\" decoding=\"async\" aria-describedby=\"caption-attachment-2503\" class=\"wp-image-2503\" src=\"https:\/\/www.maderthaner.cc\/wp-content\/uploads\/2016\/02\/1927bauhaus-300x202.jpg\" alt=\"1927 Bauhaus\" width=\"297\" height=\"200\" srcset=\"https:\/\/www.maderthaner.cc\/wp-content\/uploads\/2016\/02\/1927bauhaus-300x202.jpg 300w, https:\/\/www.maderthaner.cc\/wp-content\/uploads\/2016\/02\/1927bauhaus-150x101.jpg 150w, https:\/\/www.maderthaner.cc\/wp-content\/uploads\/2016\/02\/1927bauhaus-371x250.jpg 371w, https:\/\/www.maderthaner.cc\/wp-content\/uploads\/2016\/02\/1927bauhaus-400x269.jpg 400w, https:\/\/www.maderthaner.cc\/wp-content\/uploads\/2016\/02\/1927bauhaus.jpg 520w\" sizes=\"auto, (max-width: 297px) 100vw, 297px\" \/><\/a><p id=\"caption-attachment-2503\" class=\"wp-caption-text\">1927 Bauhaus<\/p><\/div>\n<div id=\"attachment_2511\" style=\"width: 291px\" class=\"wp-caption alignleft\"><a href=\"https:\/\/www.maderthaner.cc\/wp-content\/uploads\/2016\/02\/1928breuersessel-1.jpg\"><img loading=\"lazy\" decoding=\"async\" aria-describedby=\"caption-attachment-2511\" class=\"wp-image-2511\" src=\"https:\/\/www.maderthaner.cc\/wp-content\/uploads\/2016\/02\/1928breuersessel-1-300x213.jpg\" alt=\"1928 Lou im &quot;Breuersessel&quot;\" width=\"281\" height=\"200\" srcset=\"https:\/\/www.maderthaner.cc\/wp-content\/uploads\/2016\/02\/1928breuersessel-1-300x213.jpg 300w, https:\/\/www.maderthaner.cc\/wp-content\/uploads\/2016\/02\/1928breuersessel-1-150x107.jpg 150w, https:\/\/www.maderthaner.cc\/wp-content\/uploads\/2016\/02\/1928breuersessel-1-351x250.jpg 351w, https:\/\/www.maderthaner.cc\/wp-content\/uploads\/2016\/02\/1928breuersessel-1-400x284.jpg 400w, https:\/\/www.maderthaner.cc\/wp-content\/uploads\/2016\/02\/1928breuersessel-1.jpg 492w\" sizes=\"auto, (max-width: 281px) 100vw, 281px\" \/><\/a><p id=\"caption-attachment-2511\" class=\"wp-caption-text\">1928 Lou im &#8222;Breuersessel&#8220;<\/p><\/div>\n<p>Als logische Fortsetzung erschien ihr das Denken der Gruppe um Andr\u00e9 Breton, Louis Aragon und Philippe Soupault. Sie wurde ein gerngesehener Gast in dieser Runde und beeinflusste Breton intensiv bei der Entstehung des surrealistischen Manifestes. Dies erw\u00e4hnte Breton in Briefen an Tristan Tzara auch immer wieder: <em>&#8222;Lous Zugang zum Traum und Unbewu\u00dften, der ihr einen Durchbruch zur bewu\u00dften Verf\u00fcgbarkeit erm\u00f6glicht, ihre antikonformistische Lebenshaltung und ihre impulsive, freie \u00c4u\u00dferung sind die Personifikation einer alogisch-synthetischen Kunstproblematik. Ihre F\u00e4higkeit die k\u00fcnstlerische Blickrichtung auf das innere Modell der seelischen Konfliktsituationen zu konzentrieren, sind einzigartig.&#8220;<\/em> (1923)<\/p>\n<div id=\"attachment_2508\" style=\"width: 310px\" class=\"wp-caption alignleft\"><a href=\"https:\/\/www.maderthaner.cc\/wp-content\/uploads\/2016\/02\/1928parisdemo.jpg\"><img loading=\"lazy\" decoding=\"async\" aria-describedby=\"caption-attachment-2508\" class=\"size-medium wp-image-2508\" src=\"https:\/\/www.maderthaner.cc\/wp-content\/uploads\/2016\/02\/1928parisdemo-300x220.jpg\" alt=\"1928 Paris\" width=\"300\" height=\"220\" srcset=\"https:\/\/www.maderthaner.cc\/wp-content\/uploads\/2016\/02\/1928parisdemo-300x220.jpg 300w, https:\/\/www.maderthaner.cc\/wp-content\/uploads\/2016\/02\/1928parisdemo-150x110.jpg 150w, https:\/\/www.maderthaner.cc\/wp-content\/uploads\/2016\/02\/1928parisdemo-342x250.jpg 342w, https:\/\/www.maderthaner.cc\/wp-content\/uploads\/2016\/02\/1928parisdemo-388x284.jpg 388w, https:\/\/www.maderthaner.cc\/wp-content\/uploads\/2016\/02\/1928parisdemo.jpg 500w\" sizes=\"auto, (max-width: 300px) 100vw, 300px\" \/><\/a><p id=\"caption-attachment-2508\" class=\"wp-caption-text\">1928 Paris<\/p><\/div>\n<p>Zusammen mit Picabia, Miro und Man Ray stellte Lou Rosenblatt in Paris aus. In ihren ironischen Bilder verband sie provokative Dadaelemente genauso wie eine lyrische, antiformalistische Bildsprache und diverse Zitate aus der Kunstgeschichte. 1924 lie\u00df sie sich von Johannes Baader scheiden. Sein zunehmender Alkoholimus und Wahnsinn, das Festhalten an seiner gesellschaftlichen Antihaltung empfand sie als Blockade f\u00fcr ihre Entwicklung. <a href=\"https:\/\/www.maderthaner.cc\/index.php\/projects\/die-geschichte-der-lou-rosenblatt-1925-bis-1970\/\">\u2192 Teil 4<\/a><\/p>\n<p>[\/et_pb_text][\/et_pb_column][\/et_pb_row][\/et_pb_section]<\/p>\n","protected":false},"excerpt":{"rendered":"<p>[et_pb_section][et_pb_row][et_pb_column type=&#8220;4_4&#8243;][et_pb_text admin_label=&#8220;Text&#8220; background_layout=&#8220;light&#8220; text_orientation=&#8220;left&#8220;] Die Geschichte der Lou Rosenblatt (1919 bis 1924) &nbsp; Johannes Baader, der Radikalste unter den deutschen Dadaisten, bem\u00fchte sich intensiv um Lou. Der dreizehn Jahre \u00e4ltere Architekt war ein scharfsinniger Monomane und eine hochintellektuelle Pers\u00f6nlichkeit. Ein Jahr sp\u00e4ter hatte er Erfolg. 1919 heirateten Johannes Baader und Lou Rosenblatt. Lou Rosenblatts [&hellip;]<\/p>\n","protected":false},"author":4,"featured_media":0,"parent":414,"menu_order":3,"comment_status":"closed","ping_status":"closed","template":"","meta":{"_et_pb_use_builder":"on","_et_pb_old_content":"<p><strong>Die Geschichte der Lou Rosenblatt <\/strong><strong>(1919 bis 1924)<\/strong><\/p>[caption id=\"attachment_2500\" align=\"alignleft\" width=\"147\"]<a href=\"http:\/\/www.maderthaner.cc\/wp-content\/uploads\/2016\/02\/1919baader.jpg\"><img class=\"size-medium wp-image-2500\" src=\"http:\/\/www.maderthaner.cc\/wp-content\/uploads\/2016\/02\/1919baader-147x300.jpg\" alt=\"1919 mit Johannes Baader\" width=\"147\" height=\"300\" \/><\/a> 1919 mit Johannes Baader[\/caption]<p>Johannes Baader, der Radikalste unter den deutschen Dadaisten, bem\u00fchte sich intensiv um Lou. Der dreizehn Jahre \u00e4ltere Architekt war ein scharfsinniger Monomane und eine hochintellektuelle Pers\u00f6nlichkeit. Ein Jahr sp\u00e4ter hatte er Erfolg. 1919 heirateten Johannes Baader und Lou Rosenblatt. Lou Rosenblatts Rolle in der Berliner Dadabewegung ist eine politische und aktivistische. Die Greuel des 1. Weltkriegs hatten ihr die Augen ge\u00f6ffnet und sie wurde Mitherausgeberin der von Baader gegr\u00fcndeten Zeitschrift \"Die freie Strasse\", wie auch Verfasserin diverser Manifeste, Texte und Plakatgedichte.<\/p><p>Die Freundschaft mit Sonja Delaunay f\u00fchrte zu zahlreichen Reisen nach Paris. Dort konnte sie kurzzeitig Abstand zur explosiven Berliner Szene gewinnen.<\/p>[caption id=\"attachment_2502\" align=\"alignleft\" width=\"233\"]<a href=\"http:\/\/www.maderthaner.cc\/wp-content\/uploads\/2016\/02\/1926berlinwannsee.jpg\"><img class=\"size-medium wp-image-2502\" src=\"http:\/\/www.maderthaner.cc\/wp-content\/uploads\/2016\/02\/1926berlinwannsee-233x300.jpg\" alt=\"1926 Berlin Wannsee\" width=\"233\" height=\"300\" \/><\/a> 1926 Berlin Wannsee[\/caption]<p>Ihre Kontakte zu den Pariser Surrealisten waren aus 2 Gr\u00fcnden wichtig:<br \/> Lou hatte als eine der wenigen K\u00fcnstler eine genaue und klare Vorstellung von den psychoanalytischen Forschungen Sigmund Freuds \u2014 einer wesentlichen Quelle des surrealen Denkens; und weiters entstand bei Lou ab 1921 eine Erm\u00fcdung hinsichtlich der dadaistischen Provokationen. Als logische Fortsetzung erschien ihr das Denken der Gruppe um Andr\u00e9 Breton, Louis Aragon und Philippe Soupault.<\/p><p>Sie wurde ein gerngesehener Gast in dieser Runde und beeinflusste Breton intensiv bei der Entstehung des surrealistischen Manifestes. Dies erw\u00e4hnte Breton in Briefen an Tristan Tzara auch immer wieder:<\/p>[caption id=\"attachment_2503\" align=\"alignleft\" width=\"300\"]<a href=\"http:\/\/www.maderthaner.cc\/wp-content\/uploads\/2016\/02\/1927bauhaus.jpg\"><img class=\"size-medium wp-image-2503\" src=\"http:\/\/www.maderthaner.cc\/wp-content\/uploads\/2016\/02\/1927bauhaus-300x202.jpg\" alt=\"1927 Bauhaus\" width=\"300\" height=\"202\" \/><\/a> 1927 Bauhaus[\/caption]<p><em>\"Lous Zugang zum Traum und Unbewu\u00dften, der ihr einen Durchbruch zur bewu\u00dften Verf\u00fcgbarkeit erm\u00f6glicht, ihre antikonformistische Lebenshaltung und ihre impulsive, freie \u00c4u\u00dferung sind die Personifikation einer alogisch-synthetischen Kunstproblematik. Ihre F\u00e4higkeit die k\u00fcnstlerische Blickrichtung auf das innere Modell der seelischen Konfliktsituationen zu konzentrieren, sind einzigartig.\"<\/em> (1923)<\/p><p>Zusammen mit Picabia, Miro und Man Ray stellte Lou Rosenblatt in Paris aus. In ihren ironischen Bilder verband sie provokative Dadaelemente genauso wie eine lyrische, antiformalistische Bildsprache und diverse Zitate aus der Kunstgeschichte. 1924 lie\u00df sie sich von Johannes Baader scheiden. Sein zunehmender Alkoholimus und Wahnsinn, das Festhalten an seiner gesellschaftlichen Antihaltung empfand sie als Blockade f\u00fcr ihre Entwicklung.<\/p>","_et_gb_content_width":"","footnotes":""},"class_list":["post-2480","page","type-page","status-publish","hentry"],"_links":{"self":[{"href":"https:\/\/www.maderthaner.cc\/index.php\/wp-json\/wp\/v2\/pages\/2480","targetHints":{"allow":["GET"]}}],"collection":[{"href":"https:\/\/www.maderthaner.cc\/index.php\/wp-json\/wp\/v2\/pages"}],"about":[{"href":"https:\/\/www.maderthaner.cc\/index.php\/wp-json\/wp\/v2\/types\/page"}],"author":[{"embeddable":true,"href":"https:\/\/www.maderthaner.cc\/index.php\/wp-json\/wp\/v2\/users\/4"}],"replies":[{"embeddable":true,"href":"https:\/\/www.maderthaner.cc\/index.php\/wp-json\/wp\/v2\/comments?post=2480"}],"version-history":[{"count":0,"href":"https:\/\/www.maderthaner.cc\/index.php\/wp-json\/wp\/v2\/pages\/2480\/revisions"}],"up":[{"embeddable":true,"href":"https:\/\/www.maderthaner.cc\/index.php\/wp-json\/wp\/v2\/pages\/414"}],"wp:attachment":[{"href":"https:\/\/www.maderthaner.cc\/index.php\/wp-json\/wp\/v2\/media?parent=2480"}],"curies":[{"name":"wp","href":"https:\/\/api.w.org\/{rel}","templated":true}]}}