{"id":6,"date":"2015-12-26T23:03:20","date_gmt":"2015-12-26T22:03:20","guid":{"rendered":"http:\/\/www.maderthaner.cc\/?page_id=6"},"modified":"2026-02-18T12:01:43","modified_gmt":"2026-02-18T11:01:43","slug":"kontakt","status":"publish","type":"page","link":"https:\/\/www.maderthaner.cc\/index.php\/kontakt\/","title":{"rendered":"CONTACT"},"content":{"rendered":"<p>[et_pb_section fb_built=&#8220;1&#8243; _builder_version=&#8220;3.22&#8243;][et_pb_row column_structure=&#8220;1_3,2_3&#8243; _builder_version=&#8220;3.25&#8243; background_size=&#8220;initial&#8220; background_position=&#8220;top_left&#8220; background_repeat=&#8220;repeat&#8220;][et_pb_column type=&#8220;1_3&#8243; _builder_version=&#8220;3.25&#8243; custom_padding=&#8220;|||&#8220; custom_padding__hover=&#8220;|||&#8220;][et_pb_image src=&#8220;https:\/\/www.maderthaner.cc\/wp-content\/uploads\/2016\/01\/maderthaner02csabine-hauswirth__.jpg&#8220; alt=&#8220;Franziska Maderthaner (Foto by Sabine Hauswirth)&#8220; title_text=&#8220;Franziska Maderthaner (Foto by Sabine Hauswirth)&#8220; url=&#8220;https:\/\/www.maderthaner.cc\/wp-content\/uploads\/2016\/02\/maderthaner02csabine-hauswirth__.jpg&#8220; url_new_window=&#8220;on&#8220; align_tablet=&#8220;center&#8220; align_phone=&#8220;&#8220; align_last_edited=&#8220;on|desktop&#8220; admin_label=&#8220;Bild&#8220; _builder_version=&#8220;3.23&#8243; animation=&#8220;off&#8220; sticky=&#8220;off&#8220;][\/et_pb_image][et_pb_text admin_label=&#8220;Text&#8220; _builder_version=&#8220;4.6.1&#8243; background_size=&#8220;initial&#8220; background_position=&#8220;top_left&#8220; background_repeat=&#8220;repeat&#8220; hover_enabled=&#8220;0&#8243; sticky_enabled=&#8220;0&#8243;]<\/p>\n<p>Foto von Sabine Hauswirth<\/p>\n<p>[\/et_pb_text][\/et_pb_column][et_pb_column type=&#8220;2_3&#8243; _builder_version=&#8220;3.25&#8243; custom_padding=&#8220;|||&#8220; custom_padding__hover=&#8220;|||&#8220;][et_pb_text admin_label=&#8220;Text&#8220; _builder_version=&#8220;4.6.1&#8243; background_size=&#8220;initial&#8220; background_position=&#8220;top_left&#8220; background_repeat=&#8220;repeat&#8220;]<\/p>\n<p>Franziska Maderthaner wird vertreten von:<\/p>\n<p><a href=\"http:\/\/www.galerie-brennecke.de\" target=\"_blank\" rel=\"noopener noreferrer\">Galerie Brennecke (Berlin)<\/a><\/p>\n<p><a href=\"http:\/\/www.szaal.at\/\" target=\"_blank\" rel=\"noopener noreferrer\">Galerie Szaal (Wien)<\/a><\/p>\n<p><a href=\"http:\/\/www.galerie-brennecke.de\" target=\"_blank\" rel=\"noopener noreferrer\"><\/a><a href=\"http:\/\/www.galerie-neuheisel.de\" target=\"_blank\" rel=\"noopener noreferrer\">Galerie Neuheisel (Saarbr\u00fccken)<\/a><\/p>\n<p><a href=\"https:\/\/www.brunnhofer.at\/\" target=\"_blank\" rel=\"noopener noreferrer\">Galerie Brunnhofer, Linz<\/a><\/p>\n<p><a href=\"https:\/\/www.estermannmessner.at\/\" target=\"_blank\" rel=\"noopener noreferrer\">Galerie Estermann\/Messner &#8211; Wien<\/a><\/p>\n<p>&nbsp;<\/p>\n<p>A 1090 Wien Badgasse 14\/18<br \/> A 3543 Krumau am Kamp, Tiefenbach 41<br \/> <a href=\"mailto:franziska@maderthaner.cc\">franziska@maderthaner.cc<\/a><br \/> phone +43-0676-5309084<\/p>\n<p>\u00a9 2002-2021 by Franziska Maderthaner<br \/> Alle Rechte vorbehalten<\/p>\n<p>\u00a9 Fotos: Peter Kainz, Reinhard Mayr, Farid Sabah (Bilder)<br \/> Sabine Hauswirth \u00a0(Portraits)<br \/> Michael Snoj, Gerhard Wartha, Martin Drexler, Pius Grabherr (Idealzone)<\/p>\n<p>\u00a9 Texte: Rainer Metzger, Angelika Fitz, Rene Gadsden, Michael W\u00f6rg\u00f6tter, Robert Pfaller, Lydia Mischkulnig, Mirjam Jessa, Wolfgang Pauser, G\u00fcnther Oberhollenzer, Doris Knecht, Lucas Cuturi<\/p>\n<p>&nbsp;<\/p>\n<p>Webdesign: <a href=\"http:\/\/web.barbarahoeller.at\" target=\"_blank\" rel=\"noopener noreferrer\">bahoe production<\/a><\/p>\n<p>F\u00fcr externe Verlinkungen wird keinerlei Haftung \u00fcbernommen.<\/p>\n<p><a href=\"https:\/\/www.maderthaner.cc\/wp-admin\">LOGIN<\/a><\/p>\n<p>[\/et_pb_text][\/et_pb_column][\/et_pb_row][\/et_pb_section]<\/p>\n","protected":false},"excerpt":{"rendered":"<p>[et_pb_section fb_built=&#8220;1&#8243; _builder_version=&#8220;3.22&#8243;][et_pb_row column_structure=&#8220;1_3,2_3&#8243; _builder_version=&#8220;3.25&#8243; background_size=&#8220;initial&#8220; background_position=&#8220;top_left&#8220; background_repeat=&#8220;repeat&#8220;][et_pb_column type=&#8220;1_3&#8243; _builder_version=&#8220;3.25&#8243; custom_padding=&#8220;|||&#8220; custom_padding__hover=&#8220;|||&#8220;][et_pb_image src=&#8220;https:\/\/www.maderthaner.cc\/wp-content\/uploads\/2016\/01\/maderthaner02csabine-hauswirth__.jpg&#8220; alt=&#8220;Franziska Maderthaner (Foto by Sabine Hauswirth)&#8220; title_text=&#8220;Franziska Maderthaner (Foto by Sabine Hauswirth)&#8220; url=&#8220;https:\/\/www.maderthaner.cc\/wp-content\/uploads\/2016\/02\/maderthaner02csabine-hauswirth__.jpg&#8220; url_new_window=&#8220;on&#8220; align_tablet=&#8220;center&#8220; align_phone=&#8220;&#8220; align_last_edited=&#8220;on|desktop&#8220; admin_label=&#8220;Bild&#8220; _builder_version=&#8220;3.23&#8243; animation=&#8220;off&#8220; sticky=&#8220;off&#8220;][\/et_pb_image][et_pb_text admin_label=&#8220;Text&#8220; _builder_version=&#8220;4.6.1&#8243; background_size=&#8220;initial&#8220; background_position=&#8220;top_left&#8220; background_repeat=&#8220;repeat&#8220; hover_enabled=&#8220;0&#8243; sticky_enabled=&#8220;0&#8243;] Foto von Sabine Hauswirth [\/et_pb_text][\/et_pb_column][et_pb_column type=&#8220;2_3&#8243; _builder_version=&#8220;3.25&#8243; custom_padding=&#8220;|||&#8220; custom_padding__hover=&#8220;|||&#8220;][et_pb_text admin_label=&#8220;Text&#8220; _builder_version=&#8220;4.6.1&#8243; background_size=&#8220;initial&#8220; background_position=&#8220;top_left&#8220; background_repeat=&#8220;repeat&#8220;] [&hellip;]<\/p>\n","protected":false},"author":4,"featured_media":0,"parent":0,"menu_order":5,"comment_status":"closed","ping_status":"closed","template":"","meta":{"_et_pb_use_builder":"on","_et_pb_old_content":"","_et_gb_content_width":"","footnotes":""},"class_list":["post-6","page","type-page","status-publish","hentry"],"_links":{"self":[{"href":"https:\/\/www.maderthaner.cc\/index.php\/wp-json\/wp\/v2\/pages\/6","targetHints":{"allow":["GET"]}}],"collection":[{"href":"https:\/\/www.maderthaner.cc\/index.php\/wp-json\/wp\/v2\/pages"}],"about":[{"href":"https:\/\/www.maderthaner.cc\/index.php\/wp-json\/wp\/v2\/types\/page"}],"author":[{"embeddable":true,"href":"https:\/\/www.maderthaner.cc\/index.php\/wp-json\/wp\/v2\/users\/4"}],"replies":[{"embeddable":true,"href":"https:\/\/www.maderthaner.cc\/index.php\/wp-json\/wp\/v2\/comments?post=6"}],"version-history":[{"count":3,"href":"https:\/\/www.maderthaner.cc\/index.php\/wp-json\/wp\/v2\/pages\/6\/revisions"}],"predecessor-version":[{"id":5044,"href":"https:\/\/www.maderthaner.cc\/index.php\/wp-json\/wp\/v2\/pages\/6\/revisions\/5044"}],"wp:attachment":[{"href":"https:\/\/www.maderthaner.cc\/index.php\/wp-json\/wp\/v2\/media?parent=6"}],"curies":[{"name":"wp","href":"https:\/\/api.w.org\/{rel}","templated":true}]}}