{"id":793,"date":"2016-01-05T15:56:06","date_gmt":"2016-01-05T14:56:06","guid":{"rendered":"http:\/\/www.maderthaner.cc\/?page_id=793"},"modified":"2018-01-27T17:39:48","modified_gmt":"2018-01-27T16:39:48","slug":"2014-in-tune-d","status":"publish","type":"page","link":"https:\/\/www.maderthaner.cc\/index.php\/text\/2014-in-tune-d\/","title":{"rendered":"2014 In tune (D)"},"content":{"rendered":"<p>[et_pb_section][et_pb_row][et_pb_column type=&#8220;1_3&#8243;][et_pb_text admin_label=&#8220;titel&#8220; background_layout=&#8220;light&#8220; text_orientation=&#8220;left&#8220;]<\/p>\n<h5>In tune<\/h5>\n<h6>Mirjam Jessa<\/h6>\n<p>[\/et_pb_text][et_pb_text admin_label=&#8220;Link&#8220; background_layout=&#8220;light&#8220; text_orientation=&#8220;right&#8220;]<\/p>\n<p><a href=\"https:\/\/www.maderthaner.cc\/index.php\/text\/2014-in-tune-d\/2014-in-tune-e\/\">[english version]<\/a><\/p>\n<p>[\/et_pb_text][\/et_pb_column][et_pb_column type=&#8220;2_3&#8243;][et_pb_text admin_label=&#8220;In tune (D)&#8220; background_layout=&#8220;light&#8220; text_orientation=&#8220;left&#8220;]<\/p>\n<p>Bugge Wesseltofts Klaviert\u00f6ne (blau, blaugr\u00fcn oder doch gelb?), T\u00f6ne wie Tropfen, hallen lange nach in dem wei\u00dfen Atelier, der klassische Geiger Henning Kraggerud spielt seine Bratsche (erdiges Braungr\u00fcn) legatissimo, die Klangfarben verschwimmen, zerlaufen, schwappen die schiefe Ebene hinunter, bl\u00fchen auf, verzweigen sich.<\/p>\n<p>Synchron dazu hebt Franziska Maderthaner die nasse Leinwand der L\u00e4nge nach an und die Farben darauf &#8211; verschwimmen, zerlaufen, bl\u00fchen auf, verzweigen sich \u2013 je nachdem, wo die Malerin die Leinwand l\u00fcftet und senkt oder mit B\u00fcrsten und Winkeln Akzente setzt. Vollkommen <em>in tune<\/em>, im Einklang mit der Musik bewegt sie sich konzentriert und aufmerksam, und die T\u00f6ne scheinen den Fluss der Farben zu lenken.<\/p>\n<p>Undenkbar jetzt ein anderes Musikst\u00fcck dazu zu h\u00f6ren. Auch \u00c4hnliches will nicht passen. Auf geheimnisvolle Weise ist dieser norwegische Chamber-Jazz, benannt nach dem Berg Bl\u00e5mann, Teil dieser Sch\u00fcttung. Doch die Sch\u00fcttungen sind nur die erste Schicht der Palimpseste, die Maderthaners aktuelle Arbeiten darstellen.<\/p>\n<p>Die minuti\u00f6s geplanten, in altmeisterlicher Technik und Perfektion ausgef\u00fchrten Sujets, die sie in und auf die Sch\u00fcttungen komponiert, verlangen naturgem\u00e4\u00df nach g\u00e4nzlich anderen Musikst\u00fccken. Komposition, Form, Pr\u00e4zision. Improvisierte Musik passt da gar nicht mehr. Und Musik ist f\u00fcr sie unverzichtbares Malmittel. Ihr musikalisches Wissen und ihre umfassende Kenntnis unterschiedlichster Genres versetzen mich immer wieder in Staunen: Bluess\u00e4ngerinnen der 20er- und 30er-Jahre, Indie Bands aus Oslo, schr\u00e4ge Wiener Lieder, vergessene bayrische Schnulzen \u2013 und ich k\u00f6nnte jetzt noch Seiten lang fortfahren. In Franziska Maderthaners musikalischen Kosmos kann man sich verlieren und wiederfinden wie in ihren Bildern. Nur Klassik scheint die K\u00fcnstlerin nicht zu befl\u00fcgeln. Vielleich ist sie zu komplett, fordert mehr als zu f\u00f6rdern.<\/p>\n<p>In einigen Arbeiten sind eine ganz bestimmte Musik und die Bewegung, die sie evoziert, gleichsam eingefroren. In \u201eU.S. Archeology\u201c ist es Benny Goodmans ber\u00fchmte Version von \u201eSing, sing, sing (with a Swing)\u201c,\u00a0 so wie er sie 1938 als erste Swing-Band in der klassisch ausgerichteten Carnegie Hall gespielt hat. Der Druck auf Goodman war enorm. Das Intro der Tomtom-Trommeln erzeugt Spannung, die Bl\u00e4ser dr\u00f6hnen wie Elefanten und dann geht\u2019s ab in h\u00f6chster Perfektion und Vitalit\u00e4t, getreu Goodmans Devise: It don\u2019t mean a thing, if it ain\u2019t got that swing. Und auch in \u201eU.S. Archeology\u201c ist alles Bewegung, Rhythmus, Klang. Unsere Wahrnehmung hebt die Starre der Bilder auf: Der Rock fliegt, der Mann biegt sich r\u00fccklings, sie tanzt auf ihn zu, er lockt sie wer wei\u00df wohin, jedes Detail ist bedeutsam, denn es hat den Swing.<\/p>\n<p>Beim Betrachten der Arbeiten von Franziska Maderthaner h\u00f6re ich die Musik, die sie f\u00fcr mich bergen. Es sind keine konkreten Musikst\u00fccke, sondern Rhythmen, Zuspitzungen, Auf- und Abschw\u00fcnge, H\u00f6hepunkte und Ruhephasen, Klangfarben, Farbt\u00f6ne, Perkussion. Selten Klangfl\u00e4chen, dazu sind ihre Arbeiten viel zu dynamisch. Ob ihr das gefallen w\u00fcrde was ich h\u00f6re? Wahrscheinlich nicht. Ihr Musikgeschmack ist heikel und w\u00e4hlerisch. Macht nichts. Denn jetzt bin ich <em>in tune<\/em>.<\/p>\n<p>[\/et_pb_text][\/et_pb_column][\/et_pb_row][\/et_pb_section]<\/p>\n","protected":false},"excerpt":{"rendered":"<p>[et_pb_section][et_pb_row][et_pb_column type=&#8220;1_3&#8243;][et_pb_text admin_label=&#8220;titel&#8220; background_layout=&#8220;light&#8220; text_orientation=&#8220;left&#8220;] In tune Mirjam Jessa [\/et_pb_text][et_pb_text admin_label=&#8220;Link&#8220; background_layout=&#8220;light&#8220; text_orientation=&#8220;right&#8220;] [english version] [\/et_pb_text][\/et_pb_column][et_pb_column type=&#8220;2_3&#8243;][et_pb_text admin_label=&#8220;In tune (D)&#8220; background_layout=&#8220;light&#8220; text_orientation=&#8220;left&#8220;] Bugge Wesseltofts Klaviert\u00f6ne (blau, blaugr\u00fcn oder doch gelb?), T\u00f6ne wie Tropfen, hallen lange nach in dem wei\u00dfen Atelier, der klassische Geiger Henning Kraggerud spielt seine Bratsche (erdiges Braungr\u00fcn) legatissimo, die Klangfarben verschwimmen, zerlaufen, [&hellip;]<\/p>\n","protected":false},"author":4,"featured_media":0,"parent":302,"menu_order":5,"comment_status":"closed","ping_status":"closed","template":"","meta":{"_et_pb_use_builder":"on","_et_pb_old_content":"","_et_gb_content_width":"","footnotes":""},"class_list":["post-793","page","type-page","status-publish","hentry"],"_links":{"self":[{"href":"https:\/\/www.maderthaner.cc\/index.php\/wp-json\/wp\/v2\/pages\/793","targetHints":{"allow":["GET"]}}],"collection":[{"href":"https:\/\/www.maderthaner.cc\/index.php\/wp-json\/wp\/v2\/pages"}],"about":[{"href":"https:\/\/www.maderthaner.cc\/index.php\/wp-json\/wp\/v2\/types\/page"}],"author":[{"embeddable":true,"href":"https:\/\/www.maderthaner.cc\/index.php\/wp-json\/wp\/v2\/users\/4"}],"replies":[{"embeddable":true,"href":"https:\/\/www.maderthaner.cc\/index.php\/wp-json\/wp\/v2\/comments?post=793"}],"version-history":[{"count":0,"href":"https:\/\/www.maderthaner.cc\/index.php\/wp-json\/wp\/v2\/pages\/793\/revisions"}],"up":[{"embeddable":true,"href":"https:\/\/www.maderthaner.cc\/index.php\/wp-json\/wp\/v2\/pages\/302"}],"wp:attachment":[{"href":"https:\/\/www.maderthaner.cc\/index.php\/wp-json\/wp\/v2\/media?parent=793"}],"curies":[{"name":"wp","href":"https:\/\/api.w.org\/{rel}","templated":true}]}}